{"id":2,"date":"2022-03-28T13:29:23","date_gmt":"2022-03-28T13:29:23","guid":{"rendered":"https:\/\/wirmachenmit.dolab.at\/?page_id=2"},"modified":"2022-05-17T09:55:11","modified_gmt":"2022-05-17T09:55:11","slug":"sample-page","status":"publish","type":"page","link":"https:\/\/wirmachenmit.dolab.at\/?page_id=2","title":{"rendered":"Kaufinformationen"},"content":{"rendered":"\n<p>Unser Spiel kann man um 50,00\u20ac beim Verein Liebelle kaufen.<\/p>\n\n\n\n<p>Wir verschicken das Spiel auch per Post, Versandkosten werden Individuell berechnet.<\/p>\n\n\n\n<p>Erreichbar sind wir daf\u00fcr \u00fcber die Telefonnummer: <strong>+43(0)6582 72397<\/strong><\/p>\n\n\n\n<p>Oder \u00fcber die E-mail-adresse: <strong><a href=\"mailto:info@vogelsangschule.at\">info@vogelsangschule.at<\/a><\/strong><\/p>\n\n\n\n<p>Die Abmessungen betragen ca.: 230*335*110mm.<\/p>\n\n\n\n<p>Viel Spass beim Spielen!<\/p>\n\n\n\n<figure class=\"wp-block-image size-large\"><img loading=\"lazy\" width=\"1024\" height=\"683\" src=\"https:\/\/wirmachenmit.dolab.at\/wp-content\/uploads\/2022\/05\/Spielfeld-min-2-1024x683.jpg\" alt=\"\" class=\"wp-image-91\" srcset=\"https:\/\/wirmachenmit.dolab.at\/wp-content\/uploads\/2022\/05\/Spielfeld-min-2-1024x683.jpg 1024w, https:\/\/wirmachenmit.dolab.at\/wp-content\/uploads\/2022\/05\/Spielfeld-min-2-300x200.jpg 300w, https:\/\/wirmachenmit.dolab.at\/wp-content\/uploads\/2022\/05\/Spielfeld-min-2-768x512.jpg 768w, https:\/\/wirmachenmit.dolab.at\/wp-content\/uploads\/2022\/05\/Spielfeld-min-2-1536x1024.jpg 1536w, https:\/\/wirmachenmit.dolab.at\/wp-content\/uploads\/2022\/05\/Spielfeld-min-2-2048x1365.jpg 2048w\" sizes=\"(max-width: 1024px) 100vw, 1024px\" \/><\/figure>\n\n\n\n<p><\/p>\n","protected":false},"excerpt":{"rendered":"<p>Unser Spiel kann man um 50,00\u20ac beim Verein Liebelle kaufen. Wir verschicken das Spiel auch per Post, Versandkosten werden Individuell berechnet. Erreichbar sind wir daf\u00fcr \u00fcber die Telefonnummer: +43(0)6582 72397 Oder \u00fcber die E-mail-adresse: info@vogelsangschule.at Die Abmessungen betragen ca.: 230*335*110mm. Viel Spass beim Spielen!<\/p>\n","protected":false},"author":1,"featured_media":0,"parent":0,"menu_order":0,"comment_status":"closed","ping_status":"open","template":"","meta":[],"yoast_head":"<!-- This site is optimized with the Yoast SEO plugin v18.4.1 - https:\/\/yoast.com\/wordpress\/plugins\/seo\/ -->\n<title>Kaufinformationen - Wir machen mit bei der Rettung der Erde<\/title>\n<meta name=\"robots\" content=\"index, follow, max-snippet:-1, max-image-preview:large, max-video-preview:-1\" \/>\n<link rel=\"canonical\" href=\"https:\/\/wirmachenmit.dolab.at\/?page_id=2\" \/>\n<meta property=\"og:locale\" content=\"de_DE\" \/>\n<meta property=\"og:type\" content=\"article\" \/>\n<meta property=\"og:title\" content=\"Kaufinformationen - Wir machen mit bei der Rettung der Erde\" \/>\n<meta property=\"og:description\" content=\"Unser Spiel kann man um 50,00\u20ac beim Verein Liebelle kaufen. Wir verschicken das Spiel auch per Post, Versandkosten werden Individuell berechnet. Erreichbar sind wir daf\u00fcr \u00fcber die Telefonnummer: +43(0)6582 72397 Oder \u00fcber die E-mail-adresse: info@vogelsangschule.at Die Abmessungen betragen ca.: 230*335*110mm. Viel Spass beim Spielen!\" \/>\n<meta property=\"og:url\" content=\"https:\/\/wirmachenmit.dolab.at\/?page_id=2\" \/>\n<meta property=\"og:site_name\" content=\"Wir machen mit bei der Rettung der Erde\" \/>\n<meta property=\"article:modified_time\" content=\"2022-05-17T09:55:11+00:00\" \/>\n<meta property=\"og:image\" content=\"https:\/\/wirmachenmit.dolab.at\/wp-content\/uploads\/2022\/05\/Spielfeld-min-2-1024x683.jpg\" \/>\n<meta name=\"twitter:card\" content=\"summary_large_image\" \/>\n<meta name=\"twitter:label1\" content=\"Gesch\u00e4tzte Lesezeit\" \/>\n\t<meta name=\"twitter:data1\" content=\"1\u00a0Minute\" \/>\n<script type=\"application\/ld+json\" class=\"yoast-schema-graph\">{\"@context\":\"https:\/\/schema.org\",\"@graph\":[{\"@type\":\"WebSite\",\"@id\":\"https:\/\/wirmachenmit.dolab.at\/#website\",\"url\":\"https:\/\/wirmachenmit.dolab.at\/\",\"name\":\"Wir machen mit bei der Rettung der Erde\",\"description\":\"ein Spiel von den SEKUS der Vogelsangschule\",\"potentialAction\":[{\"@type\":\"SearchAction\",\"target\":{\"@type\":\"EntryPoint\",\"urlTemplate\":\"https:\/\/wirmachenmit.dolab.at\/?s={search_term_string}\"},\"query-input\":\"required name=search_term_string\"}],\"inLanguage\":\"de\"},{\"@type\":\"ImageObject\",\"@id\":\"https:\/\/wirmachenmit.dolab.at\/?page_id=2#primaryimage\",\"inLanguage\":\"de\",\"url\":\"https:\/\/wirmachenmit.dolab.at\/wp-content\/uploads\/2022\/05\/Spielfeld-min-2-scaled.jpg\",\"contentUrl\":\"https:\/\/wirmachenmit.dolab.at\/wp-content\/uploads\/2022\/05\/Spielfeld-min-2-scaled.jpg\",\"width\":2560,\"height\":1707},{\"@type\":\"WebPage\",\"@id\":\"https:\/\/wirmachenmit.dolab.at\/?page_id=2#webpage\",\"url\":\"https:\/\/wirmachenmit.dolab.at\/?page_id=2\",\"name\":\"Kaufinformationen - Wir machen mit bei der Rettung der Erde\",\"isPartOf\":{\"@id\":\"https:\/\/wirmachenmit.dolab.at\/#website\"},\"primaryImageOfPage\":{\"@id\":\"https:\/\/wirmachenmit.dolab.at\/?page_id=2#primaryimage\"},\"datePublished\":\"2022-03-28T13:29:23+00:00\",\"dateModified\":\"2022-05-17T09:55:11+00:00\",\"breadcrumb\":{\"@id\":\"https:\/\/wirmachenmit.dolab.at\/?page_id=2#breadcrumb\"},\"inLanguage\":\"de\",\"potentialAction\":[{\"@type\":\"ReadAction\",\"target\":[\"https:\/\/wirmachenmit.dolab.at\/?page_id=2\"]}]},{\"@type\":\"BreadcrumbList\",\"@id\":\"https:\/\/wirmachenmit.dolab.at\/?page_id=2#breadcrumb\",\"itemListElement\":[{\"@type\":\"ListItem\",\"position\":1,\"name\":\"Home\",\"item\":\"https:\/\/wirmachenmit.dolab.at\/\"},{\"@type\":\"ListItem\",\"position\":2,\"name\":\"Kaufinformationen\"}]}]}<\/script>\n<!-- \/ Yoast SEO plugin. -->","yoast_head_json":{"title":"Kaufinformationen - Wir machen mit bei der Rettung der Erde","robots":{"index":"index","follow":"follow","max-snippet":"max-snippet:-1","max-image-preview":"max-image-preview:large","max-video-preview":"max-video-preview:-1"},"canonical":"https:\/\/wirmachenmit.dolab.at\/?page_id=2","og_locale":"de_DE","og_type":"article","og_title":"Kaufinformationen - Wir machen mit bei der Rettung der Erde","og_description":"Unser Spiel kann man um 50,00\u20ac beim Verein Liebelle kaufen. Wir verschicken das Spiel auch per Post, Versandkosten werden Individuell berechnet. Erreichbar sind wir daf\u00fcr \u00fcber die Telefonnummer: +43(0)6582 72397 Oder \u00fcber die E-mail-adresse: info@vogelsangschule.at Die Abmessungen betragen ca.: 230*335*110mm. Viel Spass beim Spielen!","og_url":"https:\/\/wirmachenmit.dolab.at\/?page_id=2","og_site_name":"Wir machen mit bei der Rettung der Erde","article_modified_time":"2022-05-17T09:55:11+00:00","og_image":[{"url":"https:\/\/wirmachenmit.dolab.at\/wp-content\/uploads\/2022\/05\/Spielfeld-min-2-1024x683.jpg"}],"twitter_card":"summary_large_image","twitter_misc":{"Gesch\u00e4tzte Lesezeit":"1\u00a0Minute"},"schema":{"@context":"https:\/\/schema.org","@graph":[{"@type":"WebSite","@id":"https:\/\/wirmachenmit.dolab.at\/#website","url":"https:\/\/wirmachenmit.dolab.at\/","name":"Wir machen mit bei der Rettung der Erde","description":"ein Spiel von den SEKUS der Vogelsangschule","potentialAction":[{"@type":"SearchAction","target":{"@type":"EntryPoint","urlTemplate":"https:\/\/wirmachenmit.dolab.at\/?s={search_term_string}"},"query-input":"required name=search_term_string"}],"inLanguage":"de"},{"@type":"ImageObject","@id":"https:\/\/wirmachenmit.dolab.at\/?page_id=2#primaryimage","inLanguage":"de","url":"https:\/\/wirmachenmit.dolab.at\/wp-content\/uploads\/2022\/05\/Spielfeld-min-2-scaled.jpg","contentUrl":"https:\/\/wirmachenmit.dolab.at\/wp-content\/uploads\/2022\/05\/Spielfeld-min-2-scaled.jpg","width":2560,"height":1707},{"@type":"WebPage","@id":"https:\/\/wirmachenmit.dolab.at\/?page_id=2#webpage","url":"https:\/\/wirmachenmit.dolab.at\/?page_id=2","name":"Kaufinformationen - Wir machen mit bei der Rettung der Erde","isPartOf":{"@id":"https:\/\/wirmachenmit.dolab.at\/#website"},"primaryImageOfPage":{"@id":"https:\/\/wirmachenmit.dolab.at\/?page_id=2#primaryimage"},"datePublished":"2022-03-28T13:29:23+00:00","dateModified":"2022-05-17T09:55:11+00:00","breadcrumb":{"@id":"https:\/\/wirmachenmit.dolab.at\/?page_id=2#breadcrumb"},"inLanguage":"de","potentialAction":[{"@type":"ReadAction","target":["https:\/\/wirmachenmit.dolab.at\/?page_id=2"]}]},{"@type":"BreadcrumbList","@id":"https:\/\/wirmachenmit.dolab.at\/?page_id=2#breadcrumb","itemListElement":[{"@type":"ListItem","position":1,"name":"Home","item":"https:\/\/wirmachenmit.dolab.at\/"},{"@type":"ListItem","position":2,"name":"Kaufinformationen"}]}]}},"_links":{"self":[{"href":"https:\/\/wirmachenmit.dolab.at\/index.php?rest_route=\/wp\/v2\/pages\/2"}],"collection":[{"href":"https:\/\/wirmachenmit.dolab.at\/index.php?rest_route=\/wp\/v2\/pages"}],"about":[{"href":"https:\/\/wirmachenmit.dolab.at\/index.php?rest_route=\/wp\/v2\/types\/page"}],"author":[{"embeddable":true,"href":"https:\/\/wirmachenmit.dolab.at\/index.php?rest_route=\/wp\/v2\/users\/1"}],"replies":[{"embeddable":true,"href":"https:\/\/wirmachenmit.dolab.at\/index.php?rest_route=%2Fwp%2Fv2%2Fcomments&post=2"}],"version-history":[{"count":9,"href":"https:\/\/wirmachenmit.dolab.at\/index.php?rest_route=\/wp\/v2\/pages\/2\/revisions"}],"predecessor-version":[{"id":119,"href":"https:\/\/wirmachenmit.dolab.at\/index.php?rest_route=\/wp\/v2\/pages\/2\/revisions\/119"}],"wp:attachment":[{"href":"https:\/\/wirmachenmit.dolab.at\/index.php?rest_route=%2Fwp%2Fv2%2Fmedia&parent=2"}],"curies":[{"name":"wp","href":"https:\/\/api.w.org\/{rel}","templated":true}]}}