{"id":26,"date":"2022-04-04T13:17:38","date_gmt":"2022-04-04T13:17:38","guid":{"rendered":"https:\/\/wirmachenmit.dolab.at\/?page_id=26"},"modified":"2022-05-16T13:21:44","modified_gmt":"2022-05-16T13:21:44","slug":"spielanleitung","status":"publish","type":"page","link":"https:\/\/wirmachenmit.dolab.at\/?page_id=26","title":{"rendered":"Spielanleitung"},"content":{"rendered":"\n<p><strong>Spielvorbereitung:<\/strong><br><br>Baue das Spielfeld auf und lege die rot-gr\u00fcnen Spielsteine zuf\u00e4llig in die Spielumrandung hinein. Je mehr rote Spielsteine in der Spielumrandung sind, desto schwerer wird das Spiel.<br>Jeder Spieler nimmt sich eine Spielfigur und stellt sie an den Spielrand.<br><br><strong>Spielregeln:<\/strong><br><br>Der j\u00fcngste Spieler f\u00e4ngt an!<\/p>\n\n\n\n<p><br>Reihum w\u00fcrfelt jeder Spieler und f\u00e4hrt auf ein rotes oder gr\u00fcnes Feld. Wenn man auf ein rotes Spielfeld f\u00e4hrt, zieht man eine Ereigniskarte und f\u00fchrt die darauf geschriebene Aktion aus. Je nach Aktion w\u00fcrfelst du gegen das Spiel. Falls man die Aktion nicht ausf\u00fchren kann, muss man einen Temperaturstein in die vorgesehenen L\u00f6cher in der Spielumrandung legen.<br><strong><br>Spielende:<\/strong><br>Wenn alle Karten auf gr\u00fcn gedreht wurden, haben die Spieler gewonnen. Wenn die Temperaturanzeige voll ist, hat das Spiel gewonnen.<\/p>\n\n\n\n<figure class=\"wp-block-image size-large is-style-default\"><img loading=\"lazy\" width=\"1024\" height=\"932\" src=\"https:\/\/wirmachenmit.dolab.at\/wp-content\/uploads\/2022\/05\/spielfeld2-min-1024x932.png\" alt=\"\" class=\"wp-image-88\" srcset=\"https:\/\/wirmachenmit.dolab.at\/wp-content\/uploads\/2022\/05\/spielfeld2-min-1024x932.png 1024w, https:\/\/wirmachenmit.dolab.at\/wp-content\/uploads\/2022\/05\/spielfeld2-min-300x273.png 300w, https:\/\/wirmachenmit.dolab.at\/wp-content\/uploads\/2022\/05\/spielfeld2-min-768x699.png 768w, https:\/\/wirmachenmit.dolab.at\/wp-content\/uploads\/2022\/05\/spielfeld2-min-1536x1398.png 1536w, https:\/\/wirmachenmit.dolab.at\/wp-content\/uploads\/2022\/05\/spielfeld2-min-2048x1863.png 2048w\" sizes=\"(max-width: 1024px) 100vw, 1024px\" \/><\/figure>\n\n\n\n<figure class=\"wp-block-video\"><video controls src=\"https:\/\/wirmachenmit.dolab.at\/wp-content\/uploads\/2022\/05\/sekuspiel-stop-motion-2.mp4\"><\/video><\/figure>\n","protected":false},"excerpt":{"rendered":"<p>Spielvorbereitung: Baue das Spielfeld auf und lege die rot-gr\u00fcnen Spielsteine zuf\u00e4llig in die Spielumrandung hinein. Je mehr rote Spielsteine in der Spielumrandung sind, desto schwerer wird das Spiel.Jeder Spieler nimmt sich eine Spielfigur und stellt sie an den Spielrand. Spielregeln: Der j\u00fcngste Spieler f\u00e4ngt an! Reihum w\u00fcrfelt jeder Spieler und f\u00e4hrt auf ein rotes oder [&hellip;]<\/p>\n","protected":false},"author":1,"featured_media":0,"parent":0,"menu_order":0,"comment_status":"closed","ping_status":"closed","template":"","meta":[],"yoast_head":"<!-- This site is optimized with the Yoast SEO plugin v18.4.1 - https:\/\/yoast.com\/wordpress\/plugins\/seo\/ -->\n<title>Spielanleitung - Wir machen mit bei der Rettung der Erde<\/title>\n<meta name=\"robots\" content=\"index, follow, max-snippet:-1, max-image-preview:large, max-video-preview:-1\" \/>\n<link rel=\"canonical\" href=\"https:\/\/wirmachenmit.dolab.at\/?page_id=26\" \/>\n<meta property=\"og:locale\" content=\"de_DE\" \/>\n<meta property=\"og:type\" content=\"article\" \/>\n<meta property=\"og:title\" content=\"Spielanleitung - Wir machen mit bei der Rettung der Erde\" \/>\n<meta property=\"og:description\" content=\"Spielvorbereitung: Baue das Spielfeld auf und lege die rot-gr\u00fcnen Spielsteine zuf\u00e4llig in die Spielumrandung hinein. Je mehr rote Spielsteine in der Spielumrandung sind, desto schwerer wird das Spiel.Jeder Spieler nimmt sich eine Spielfigur und stellt sie an den Spielrand. Spielregeln: Der j\u00fcngste Spieler f\u00e4ngt an! Reihum w\u00fcrfelt jeder Spieler und f\u00e4hrt auf ein rotes oder [&hellip;]\" \/>\n<meta property=\"og:url\" content=\"https:\/\/wirmachenmit.dolab.at\/?page_id=26\" \/>\n<meta property=\"og:site_name\" content=\"Wir machen mit bei der Rettung der Erde\" \/>\n<meta property=\"article:modified_time\" content=\"2022-05-16T13:21:44+00:00\" \/>\n<meta property=\"og:image\" content=\"https:\/\/wirmachenmit.dolab.at\/wp-content\/uploads\/2022\/05\/spielfeld2-min-1024x932.png\" \/>\n<meta name=\"twitter:card\" content=\"summary_large_image\" \/>\n<meta name=\"twitter:label1\" content=\"Gesch\u00e4tzte Lesezeit\" \/>\n\t<meta name=\"twitter:data1\" content=\"1\u00a0Minute\" \/>\n<script type=\"application\/ld+json\" class=\"yoast-schema-graph\">{\"@context\":\"https:\/\/schema.org\",\"@graph\":[{\"@type\":\"WebSite\",\"@id\":\"https:\/\/wirmachenmit.dolab.at\/#website\",\"url\":\"https:\/\/wirmachenmit.dolab.at\/\",\"name\":\"Wir machen mit bei der Rettung der Erde\",\"description\":\"ein Spiel von den SEKUS der Vogelsangschule\",\"potentialAction\":[{\"@type\":\"SearchAction\",\"target\":{\"@type\":\"EntryPoint\",\"urlTemplate\":\"https:\/\/wirmachenmit.dolab.at\/?s={search_term_string}\"},\"query-input\":\"required name=search_term_string\"}],\"inLanguage\":\"de\"},{\"@type\":\"ImageObject\",\"@id\":\"https:\/\/wirmachenmit.dolab.at\/?page_id=26#primaryimage\",\"inLanguage\":\"de\",\"url\":\"https:\/\/wirmachenmit.dolab.at\/wp-content\/uploads\/2022\/05\/spielfeld2-min.png\",\"contentUrl\":\"https:\/\/wirmachenmit.dolab.at\/wp-content\/uploads\/2022\/05\/spielfeld2-min.png\",\"width\":2496,\"height\":2271},{\"@type\":\"WebPage\",\"@id\":\"https:\/\/wirmachenmit.dolab.at\/?page_id=26#webpage\",\"url\":\"https:\/\/wirmachenmit.dolab.at\/?page_id=26\",\"name\":\"Spielanleitung - Wir machen mit bei der Rettung der Erde\",\"isPartOf\":{\"@id\":\"https:\/\/wirmachenmit.dolab.at\/#website\"},\"primaryImageOfPage\":{\"@id\":\"https:\/\/wirmachenmit.dolab.at\/?page_id=26#primaryimage\"},\"datePublished\":\"2022-04-04T13:17:38+00:00\",\"dateModified\":\"2022-05-16T13:21:44+00:00\",\"breadcrumb\":{\"@id\":\"https:\/\/wirmachenmit.dolab.at\/?page_id=26#breadcrumb\"},\"inLanguage\":\"de\",\"potentialAction\":[{\"@type\":\"ReadAction\",\"target\":[\"https:\/\/wirmachenmit.dolab.at\/?page_id=26\"]}]},{\"@type\":\"BreadcrumbList\",\"@id\":\"https:\/\/wirmachenmit.dolab.at\/?page_id=26#breadcrumb\",\"itemListElement\":[{\"@type\":\"ListItem\",\"position\":1,\"name\":\"Home\",\"item\":\"https:\/\/wirmachenmit.dolab.at\/\"},{\"@type\":\"ListItem\",\"position\":2,\"name\":\"Spielanleitung\"}]}]}<\/script>\n<!-- \/ Yoast SEO plugin. -->","yoast_head_json":{"title":"Spielanleitung - Wir machen mit bei der Rettung der Erde","robots":{"index":"index","follow":"follow","max-snippet":"max-snippet:-1","max-image-preview":"max-image-preview:large","max-video-preview":"max-video-preview:-1"},"canonical":"https:\/\/wirmachenmit.dolab.at\/?page_id=26","og_locale":"de_DE","og_type":"article","og_title":"Spielanleitung - Wir machen mit bei der Rettung der Erde","og_description":"Spielvorbereitung: Baue das Spielfeld auf und lege die rot-gr\u00fcnen Spielsteine zuf\u00e4llig in die Spielumrandung hinein. Je mehr rote Spielsteine in der Spielumrandung sind, desto schwerer wird das Spiel.Jeder Spieler nimmt sich eine Spielfigur und stellt sie an den Spielrand. Spielregeln: Der j\u00fcngste Spieler f\u00e4ngt an! Reihum w\u00fcrfelt jeder Spieler und f\u00e4hrt auf ein rotes oder [&hellip;]","og_url":"https:\/\/wirmachenmit.dolab.at\/?page_id=26","og_site_name":"Wir machen mit bei der Rettung der Erde","article_modified_time":"2022-05-16T13:21:44+00:00","og_image":[{"url":"https:\/\/wirmachenmit.dolab.at\/wp-content\/uploads\/2022\/05\/spielfeld2-min-1024x932.png"}],"twitter_card":"summary_large_image","twitter_misc":{"Gesch\u00e4tzte Lesezeit":"1\u00a0Minute"},"schema":{"@context":"https:\/\/schema.org","@graph":[{"@type":"WebSite","@id":"https:\/\/wirmachenmit.dolab.at\/#website","url":"https:\/\/wirmachenmit.dolab.at\/","name":"Wir machen mit bei der Rettung der Erde","description":"ein Spiel von den SEKUS der Vogelsangschule","potentialAction":[{"@type":"SearchAction","target":{"@type":"EntryPoint","urlTemplate":"https:\/\/wirmachenmit.dolab.at\/?s={search_term_string}"},"query-input":"required name=search_term_string"}],"inLanguage":"de"},{"@type":"ImageObject","@id":"https:\/\/wirmachenmit.dolab.at\/?page_id=26#primaryimage","inLanguage":"de","url":"https:\/\/wirmachenmit.dolab.at\/wp-content\/uploads\/2022\/05\/spielfeld2-min.png","contentUrl":"https:\/\/wirmachenmit.dolab.at\/wp-content\/uploads\/2022\/05\/spielfeld2-min.png","width":2496,"height":2271},{"@type":"WebPage","@id":"https:\/\/wirmachenmit.dolab.at\/?page_id=26#webpage","url":"https:\/\/wirmachenmit.dolab.at\/?page_id=26","name":"Spielanleitung - Wir machen mit bei der Rettung der Erde","isPartOf":{"@id":"https:\/\/wirmachenmit.dolab.at\/#website"},"primaryImageOfPage":{"@id":"https:\/\/wirmachenmit.dolab.at\/?page_id=26#primaryimage"},"datePublished":"2022-04-04T13:17:38+00:00","dateModified":"2022-05-16T13:21:44+00:00","breadcrumb":{"@id":"https:\/\/wirmachenmit.dolab.at\/?page_id=26#breadcrumb"},"inLanguage":"de","potentialAction":[{"@type":"ReadAction","target":["https:\/\/wirmachenmit.dolab.at\/?page_id=26"]}]},{"@type":"BreadcrumbList","@id":"https:\/\/wirmachenmit.dolab.at\/?page_id=26#breadcrumb","itemListElement":[{"@type":"ListItem","position":1,"name":"Home","item":"https:\/\/wirmachenmit.dolab.at\/"},{"@type":"ListItem","position":2,"name":"Spielanleitung"}]}]}},"_links":{"self":[{"href":"https:\/\/wirmachenmit.dolab.at\/index.php?rest_route=\/wp\/v2\/pages\/26"}],"collection":[{"href":"https:\/\/wirmachenmit.dolab.at\/index.php?rest_route=\/wp\/v2\/pages"}],"about":[{"href":"https:\/\/wirmachenmit.dolab.at\/index.php?rest_route=\/wp\/v2\/types\/page"}],"author":[{"embeddable":true,"href":"https:\/\/wirmachenmit.dolab.at\/index.php?rest_route=\/wp\/v2\/users\/1"}],"replies":[{"embeddable":true,"href":"https:\/\/wirmachenmit.dolab.at\/index.php?rest_route=%2Fwp%2Fv2%2Fcomments&post=26"}],"version-history":[{"count":7,"href":"https:\/\/wirmachenmit.dolab.at\/index.php?rest_route=\/wp\/v2\/pages\/26\/revisions"}],"predecessor-version":[{"id":113,"href":"https:\/\/wirmachenmit.dolab.at\/index.php?rest_route=\/wp\/v2\/pages\/26\/revisions\/113"}],"wp:attachment":[{"href":"https:\/\/wirmachenmit.dolab.at\/index.php?rest_route=%2Fwp%2Fv2%2Fmedia&parent=26"}],"curies":[{"name":"wp","href":"https:\/\/api.w.org\/{rel}","templated":true}]}}