{"id":9,"date":"2022-03-28T13:43:15","date_gmt":"2022-03-28T13:43:15","guid":{"rendered":"https:\/\/wirmachenmit.dolab.at\/?page_id=9"},"modified":"2022-04-25T06:06:00","modified_gmt":"2022-04-25T06:06:00","slug":"impressum","status":"publish","type":"page","link":"https:\/\/wirmachenmit.dolab.at\/?page_id=9","title":{"rendered":"Impressum"},"content":{"rendered":"\n<p><strong>Kontakt:<\/strong><\/p>\n\n\n\n<p>Telefon: +43(0)6582 72397<\/p>\n\n\n\n<p>E-mail: <a href=\"mailto:info@vogelsangschule.at\"><strong>info@vogelsangschule.at<\/strong><\/a><\/p>\n\n\n\n<p>Verein Libelle<\/p>\n\n\n\n<p>ZVR- Zahl: 427045818<\/p>\n\n\n\n<p>Anschrift: <br>Bahnhofstra\u00dfe17 <br>5760Saalfelden<br>\u00d6sterreich<\/p>\n\n\n\n<p>Nutzungsbedingungen:<\/p>\n\n\n\n<p>Die durch die Seitenbetreiber erstellten Inhalte und Werke auf diesen Seiten unterliegen dem \u00f6sterreichischen Urheberrecht.\u00a0 Die Vervielf\u00e4ltigung, Bearbeitung, Verbreitung und jede Art der Verwertung au\u00dferhalb der Grenzen des Urheberrechtes bed\u00fcrfen der schriftlichen Zustimmung des jeweiligen Autors bzw. Erstellers. Downloads und Kopien dieser Seite sind nur f\u00fcr den privaten, nicht kommerziellen Gebrauch gestattet. Beitr\u00e4ge Dritter sind als solche gekennzeichnet.<\/p>\n\n\n\n<p>Haftung f\u00fcr Inhalte:<\/p>\n\n\n\n<p>Die Inhalte unserer Seiten wurden mit gr\u00f6\u00dfter Sorgfalt erstellt. F\u00fcr die Richtigkeit, Vollst\u00e4ndigkeit und Aktualit\u00e4t der Inhalte k\u00f6nnen wir jedoch keine Gew\u00e4hr \u00fcbernehmen. Die Nutzung der Inhalte erfolgt auf eigene Gefahr des Nutzers.<\/p>\n","protected":false},"excerpt":{"rendered":"<p>Kontakt: Telefon: +43(0)6582 72397 E-mail: info@vogelsangschule.at Verein Libelle ZVR- Zahl: 427045818 Anschrift: Bahnhofstra\u00dfe17 5760Saalfelden\u00d6sterreich Nutzungsbedingungen: Die durch die Seitenbetreiber erstellten Inhalte und Werke auf diesen Seiten unterliegen dem \u00f6sterreichischen Urheberrecht.\u00a0 Die Vervielf\u00e4ltigung, Bearbeitung, Verbreitung und jede Art der Verwertung au\u00dferhalb der Grenzen des Urheberrechtes bed\u00fcrfen der schriftlichen Zustimmung des jeweiligen Autors bzw. Erstellers. Downloads und [&hellip;]<\/p>\n","protected":false},"author":1,"featured_media":0,"parent":0,"menu_order":0,"comment_status":"closed","ping_status":"closed","template":"","meta":[],"yoast_head":"<!-- This site is optimized with the Yoast SEO plugin v18.4.1 - https:\/\/yoast.com\/wordpress\/plugins\/seo\/ -->\n<title>Impressum - Wir machen mit bei der Rettung der Erde<\/title>\n<meta name=\"robots\" content=\"index, follow, max-snippet:-1, max-image-preview:large, max-video-preview:-1\" \/>\n<link rel=\"canonical\" href=\"https:\/\/wirmachenmit.dolab.at\/?page_id=9\" \/>\n<meta property=\"og:locale\" content=\"de_DE\" \/>\n<meta property=\"og:type\" content=\"article\" \/>\n<meta property=\"og:title\" content=\"Impressum - Wir machen mit bei der Rettung der Erde\" \/>\n<meta property=\"og:description\" content=\"Kontakt: Telefon: +43(0)6582 72397 E-mail: info@vogelsangschule.at Verein Libelle ZVR- Zahl: 427045818 Anschrift: Bahnhofstra\u00dfe17 5760Saalfelden\u00d6sterreich Nutzungsbedingungen: Die durch die Seitenbetreiber erstellten Inhalte und Werke auf diesen Seiten unterliegen dem \u00f6sterreichischen Urheberrecht.\u00a0 Die Vervielf\u00e4ltigung, Bearbeitung, Verbreitung und jede Art der Verwertung au\u00dferhalb der Grenzen des Urheberrechtes bed\u00fcrfen der schriftlichen Zustimmung des jeweiligen Autors bzw. Erstellers. Downloads und [&hellip;]\" \/>\n<meta property=\"og:url\" content=\"https:\/\/wirmachenmit.dolab.at\/?page_id=9\" \/>\n<meta property=\"og:site_name\" content=\"Wir machen mit bei der Rettung der Erde\" \/>\n<meta property=\"article:modified_time\" content=\"2022-04-25T06:06:00+00:00\" \/>\n<meta name=\"twitter:card\" content=\"summary_large_image\" \/>\n<meta name=\"twitter:label1\" content=\"Gesch\u00e4tzte Lesezeit\" \/>\n\t<meta name=\"twitter:data1\" content=\"1\u00a0Minute\" \/>\n<script type=\"application\/ld+json\" class=\"yoast-schema-graph\">{\"@context\":\"https:\/\/schema.org\",\"@graph\":[{\"@type\":\"WebSite\",\"@id\":\"https:\/\/wirmachenmit.dolab.at\/#website\",\"url\":\"https:\/\/wirmachenmit.dolab.at\/\",\"name\":\"Wir machen mit bei der Rettung der Erde\",\"description\":\"ein Spiel von den SEKUS der Vogelsangschule\",\"potentialAction\":[{\"@type\":\"SearchAction\",\"target\":{\"@type\":\"EntryPoint\",\"urlTemplate\":\"https:\/\/wirmachenmit.dolab.at\/?s={search_term_string}\"},\"query-input\":\"required name=search_term_string\"}],\"inLanguage\":\"de\"},{\"@type\":\"WebPage\",\"@id\":\"https:\/\/wirmachenmit.dolab.at\/?page_id=9#webpage\",\"url\":\"https:\/\/wirmachenmit.dolab.at\/?page_id=9\",\"name\":\"Impressum - Wir machen mit bei der Rettung der Erde\",\"isPartOf\":{\"@id\":\"https:\/\/wirmachenmit.dolab.at\/#website\"},\"datePublished\":\"2022-03-28T13:43:15+00:00\",\"dateModified\":\"2022-04-25T06:06:00+00:00\",\"breadcrumb\":{\"@id\":\"https:\/\/wirmachenmit.dolab.at\/?page_id=9#breadcrumb\"},\"inLanguage\":\"de\",\"potentialAction\":[{\"@type\":\"ReadAction\",\"target\":[\"https:\/\/wirmachenmit.dolab.at\/?page_id=9\"]}]},{\"@type\":\"BreadcrumbList\",\"@id\":\"https:\/\/wirmachenmit.dolab.at\/?page_id=9#breadcrumb\",\"itemListElement\":[{\"@type\":\"ListItem\",\"position\":1,\"name\":\"Home\",\"item\":\"https:\/\/wirmachenmit.dolab.at\/\"},{\"@type\":\"ListItem\",\"position\":2,\"name\":\"Impressum\"}]}]}<\/script>\n<!-- \/ Yoast SEO plugin. -->","yoast_head_json":{"title":"Impressum - Wir machen mit bei der Rettung der Erde","robots":{"index":"index","follow":"follow","max-snippet":"max-snippet:-1","max-image-preview":"max-image-preview:large","max-video-preview":"max-video-preview:-1"},"canonical":"https:\/\/wirmachenmit.dolab.at\/?page_id=9","og_locale":"de_DE","og_type":"article","og_title":"Impressum - Wir machen mit bei der Rettung der Erde","og_description":"Kontakt: Telefon: +43(0)6582 72397 E-mail: info@vogelsangschule.at Verein Libelle ZVR- Zahl: 427045818 Anschrift: Bahnhofstra\u00dfe17 5760Saalfelden\u00d6sterreich Nutzungsbedingungen: Die durch die Seitenbetreiber erstellten Inhalte und Werke auf diesen Seiten unterliegen dem \u00f6sterreichischen Urheberrecht.\u00a0 Die Vervielf\u00e4ltigung, Bearbeitung, Verbreitung und jede Art der Verwertung au\u00dferhalb der Grenzen des Urheberrechtes bed\u00fcrfen der schriftlichen Zustimmung des jeweiligen Autors bzw. Erstellers. Downloads und [&hellip;]","og_url":"https:\/\/wirmachenmit.dolab.at\/?page_id=9","og_site_name":"Wir machen mit bei der Rettung der Erde","article_modified_time":"2022-04-25T06:06:00+00:00","twitter_card":"summary_large_image","twitter_misc":{"Gesch\u00e4tzte Lesezeit":"1\u00a0Minute"},"schema":{"@context":"https:\/\/schema.org","@graph":[{"@type":"WebSite","@id":"https:\/\/wirmachenmit.dolab.at\/#website","url":"https:\/\/wirmachenmit.dolab.at\/","name":"Wir machen mit bei der Rettung der Erde","description":"ein Spiel von den SEKUS der Vogelsangschule","potentialAction":[{"@type":"SearchAction","target":{"@type":"EntryPoint","urlTemplate":"https:\/\/wirmachenmit.dolab.at\/?s={search_term_string}"},"query-input":"required name=search_term_string"}],"inLanguage":"de"},{"@type":"WebPage","@id":"https:\/\/wirmachenmit.dolab.at\/?page_id=9#webpage","url":"https:\/\/wirmachenmit.dolab.at\/?page_id=9","name":"Impressum - Wir machen mit bei der Rettung der Erde","isPartOf":{"@id":"https:\/\/wirmachenmit.dolab.at\/#website"},"datePublished":"2022-03-28T13:43:15+00:00","dateModified":"2022-04-25T06:06:00+00:00","breadcrumb":{"@id":"https:\/\/wirmachenmit.dolab.at\/?page_id=9#breadcrumb"},"inLanguage":"de","potentialAction":[{"@type":"ReadAction","target":["https:\/\/wirmachenmit.dolab.at\/?page_id=9"]}]},{"@type":"BreadcrumbList","@id":"https:\/\/wirmachenmit.dolab.at\/?page_id=9#breadcrumb","itemListElement":[{"@type":"ListItem","position":1,"name":"Home","item":"https:\/\/wirmachenmit.dolab.at\/"},{"@type":"ListItem","position":2,"name":"Impressum"}]}]}},"_links":{"self":[{"href":"https:\/\/wirmachenmit.dolab.at\/index.php?rest_route=\/wp\/v2\/pages\/9"}],"collection":[{"href":"https:\/\/wirmachenmit.dolab.at\/index.php?rest_route=\/wp\/v2\/pages"}],"about":[{"href":"https:\/\/wirmachenmit.dolab.at\/index.php?rest_route=\/wp\/v2\/types\/page"}],"author":[{"embeddable":true,"href":"https:\/\/wirmachenmit.dolab.at\/index.php?rest_route=\/wp\/v2\/users\/1"}],"replies":[{"embeddable":true,"href":"https:\/\/wirmachenmit.dolab.at\/index.php?rest_route=%2Fwp%2Fv2%2Fcomments&post=9"}],"version-history":[{"count":2,"href":"https:\/\/wirmachenmit.dolab.at\/index.php?rest_route=\/wp\/v2\/pages\/9\/revisions"}],"predecessor-version":[{"id":70,"href":"https:\/\/wirmachenmit.dolab.at\/index.php?rest_route=\/wp\/v2\/pages\/9\/revisions\/70"}],"wp:attachment":[{"href":"https:\/\/wirmachenmit.dolab.at\/index.php?rest_route=%2Fwp%2Fv2%2Fmedia&parent=9"}],"curies":[{"name":"wp","href":"https:\/\/api.w.org\/{rel}","templated":true}]}}